{"id":95215,"date":"2023-12-04T17:36:24","date_gmt":"2023-12-04T17:36:24","guid":{"rendered":"http:\/\/fabriquimica.com\/site\/?page_id=95215"},"modified":"2024-05-16T17:38:41","modified_gmt":"2024-05-16T17:38:41","slug":"nuevas-formulaciones","status":"publish","type":"page","link":"http:\/\/fabriquimica.com\/site\/nuevas-formulaciones\/","title":{"rendered":"Nuevas Formulaciones"},"content":{"rendered":"\t\t<div data-elementor-type=\"wp-page\" data-elementor-id=\"95215\" class=\"elementor elementor-95215\" data-elementor-post-type=\"page\">\n\t\t\t\t\t\t<section class=\"elementor-section elementor-top-section elementor-element elementor-element-0f124b4 drc_top-left_bg-main elementor-section-boxed elementor-section-height-default elementor-section-height-default\" data-id=\"0f124b4\" data-element_type=\"section\" data-settings=\"{&quot;background_background&quot;:&quot;classic&quot;}\">\n\t\t\t\t\t\t\t<div class=\"elementor-background-overlay\"><\/div>\n\t\t\t\t\t\t\t<div class=\"elementor-container elementor-column-gap-wider\">\n\t\t\t\t\t<div class=\"elementor-column elementor-col-50 elementor-top-column elementor-element elementor-element-b694065\" data-id=\"b694065\" data-element_type=\"column\">\n\t\t\t<div class=\"elementor-widget-wrap elementor-element-populated\">\n\t\t\t\t\t\t<div class=\"elementor-element elementor-element-a88e0c6 elementor-widget elementor-widget-heading\" data-id=\"a88e0c6\" data-element_type=\"widget\" data-widget_type=\"heading.default\">\n\t\t\t\t<div class=\"elementor-widget-container\">\n\t\t\t<h4 class=\"elementor-heading-title elementor-size-default\">FABRIQUIMICA pone a disposici\u00f3n de nuestros clientes el servicio de asesoramiento en nuevas formulaciones.<\/h4>\t\t<\/div>\n\t\t\t\t<\/div>\n\t\t\t\t<div class=\"elementor-element elementor-element-5a1a0cc elementor-widget elementor-widget-spacer\" data-id=\"5a1a0cc\" data-element_type=\"widget\" data-widget_type=\"spacer.default\">\n\t\t\t\t<div class=\"elementor-widget-container\">\n\t\t\t\t\t<div class=\"elementor-spacer\">\n\t\t\t<div class=\"elementor-spacer-inner\"><\/div>\n\t\t<\/div>\n\t\t\t\t<\/div>\n\t\t\t\t<\/div>\n\t\t\t\t<div class=\"elementor-element elementor-element-b76077a elementor-widget elementor-widget-text-editor\" data-id=\"b76077a\" data-element_type=\"widget\" data-widget_type=\"text-editor.default\">\n\t\t\t\t<div class=\"elementor-widget-container\">\n\t\t\t\t\t\t\t<p>Complet\u00e1 el siguiente formulario para que podamos ofrecerte un mejor asesoramiento.<\/p>\t\t\t\t\t\t<\/div>\n\t\t\t\t<\/div>\n\t\t\t\t\t<\/div>\n\t\t<\/div>\n\t\t\t\t<div class=\"elementor-column elementor-col-50 elementor-top-column elementor-element elementor-element-6ebb469\" data-id=\"6ebb469\" data-element_type=\"column\">\n\t\t\t<div class=\"elementor-widget-wrap elementor-element-populated\">\n\t\t\t\t\t\t<div class=\"elementor-element elementor-element-b4c5a2b elementor-widget elementor-widget-image\" data-id=\"b4c5a2b\" data-element_type=\"widget\" data-widget_type=\"image.default\">\n\t\t\t\t<div class=\"elementor-widget-container\">\n\t\t\t\t\t\t\t\t\t\t\t\t\t<img fetchpriority=\"high\" decoding=\"async\" width=\"800\" height=\"624\" src=\"http:\/\/fabriquimica.com\/site\/wp-content\/uploads\/2023\/12\/nuevas-formulaciones_01.jpg\" class=\"attachment-full size-full wp-image-95218\" alt=\"\" srcset=\"http:\/\/fabriquimica.com\/site\/wp-content\/uploads\/2023\/12\/nuevas-formulaciones_01.jpg 800w, http:\/\/fabriquimica.com\/site\/wp-content\/uploads\/2023\/12\/nuevas-formulaciones_01-300x234.jpg 300w, http:\/\/fabriquimica.com\/site\/wp-content\/uploads\/2023\/12\/nuevas-formulaciones_01-768x599.jpg 768w\" sizes=\"(max-width: 800px) 100vw, 800px\" \/>\t\t\t\t\t\t\t\t\t\t\t\t\t<\/div>\n\t\t\t\t<\/div>\n\t\t\t\t\t<\/div>\n\t\t<\/div>\n\t\t\t\t\t<\/div>\n\t\t<\/section>\n\t\t\t\t<section class=\"elementor-section elementor-top-section elementor-element elementor-element-398ca08 drc_top-right_bg-gray drc_bottom-left_bg-accent elementor-section-boxed elementor-section-height-default elementor-section-height-default\" data-id=\"398ca08\" data-element_type=\"section\" data-settings=\"{&quot;background_background&quot;:&quot;classic&quot;}\">\n\t\t\t\t\t\t<div class=\"elementor-container elementor-column-gap-wider\">\n\t\t\t\t\t<div class=\"elementor-column elementor-col-100 elementor-top-column elementor-element elementor-element-77cdf9c\" data-id=\"77cdf9c\" data-element_type=\"column\">\n\t\t\t<div class=\"elementor-widget-wrap elementor-element-populated\">\n\t\t\t\t\t\t<div class=\"elementor-element elementor-element-7cd3f5f elementor-button-align-stretch elementor-widget elementor-widget-form\" data-id=\"7cd3f5f\" data-element_type=\"widget\" data-settings=\"{&quot;step_next_label&quot;:&quot;Siguiente&quot;,&quot;step_previous_label&quot;:&quot;Anterior&quot;,&quot;button_width&quot;:&quot;100&quot;,&quot;step_type&quot;:&quot;number_text&quot;,&quot;step_icon_shape&quot;:&quot;circle&quot;}\" data-widget_type=\"form.default\">\n\t\t\t\t<div class=\"elementor-widget-container\">\n\t\t\t\t\t<form class=\"elementor-form\" method=\"post\" name=\"Solicitar asesoramiento en nuevas formulaciones\">\n\t\t\t<input type=\"hidden\" name=\"post_id\" value=\"95215\"\/>\n\t\t\t<input type=\"hidden\" name=\"form_id\" value=\"7cd3f5f\"\/>\n\t\t\t<input type=\"hidden\" name=\"referer_title\" value=\"\" \/>\n\n\t\t\t\n\t\t\t<div class=\"elementor-form-fields-wrapper elementor-labels-above\">\n\t\t\t\t\t\t\t\t<div class=\"elementor-field-type-text elementor-field-group elementor-column elementor-field-group-name elementor-col-50 elementor-field-required elementor-mark-required\">\n\t\t\t\t\t\t\t\t\t\t\t\t<label for=\"form-field-name\" class=\"elementor-field-label\">\n\t\t\t\t\t\t\t\tNombre\t\t\t\t\t\t\t<\/label>\n\t\t\t\t\t\t\t\t\t\t\t\t\t\t<input size=\"1\" type=\"text\" name=\"form_fields[name]\" id=\"form-field-name\" class=\"elementor-field elementor-size-md  elementor-field-textual\" required=\"required\" aria-required=\"true\">\n\t\t\t\t\t\t\t\t\t\t\t<\/div>\n\t\t\t\t\t\t\t\t<div class=\"elementor-field-type-text elementor-field-group elementor-column elementor-field-group-field_8a455b8 elementor-col-50 elementor-field-required elementor-mark-required\">\n\t\t\t\t\t\t\t\t\t\t\t\t<label for=\"form-field-field_8a455b8\" class=\"elementor-field-label\">\n\t\t\t\t\t\t\t\tEmpresa\t\t\t\t\t\t\t<\/label>\n\t\t\t\t\t\t\t\t\t\t\t\t\t\t<input size=\"1\" type=\"text\" name=\"form_fields[field_8a455b8]\" id=\"form-field-field_8a455b8\" class=\"elementor-field elementor-size-md  elementor-field-textual\" required=\"required\" aria-required=\"true\">\n\t\t\t\t\t\t\t\t\t\t\t<\/div>\n\t\t\t\t\t\t\t\t<div class=\"elementor-field-type-text elementor-field-group elementor-column elementor-field-group-field_d5aad89 elementor-col-50 elementor-field-required elementor-mark-required\">\n\t\t\t\t\t\t\t\t\t\t\t\t<label for=\"form-field-field_d5aad89\" class=\"elementor-field-label\">\n\t\t\t\t\t\t\t\tTel\u00e9fono\t\t\t\t\t\t\t<\/label>\n\t\t\t\t\t\t\t\t\t\t\t\t\t\t<input size=\"1\" type=\"text\" name=\"form_fields[field_d5aad89]\" id=\"form-field-field_d5aad89\" class=\"elementor-field elementor-size-md  elementor-field-textual\" required=\"required\" aria-required=\"true\">\n\t\t\t\t\t\t\t\t\t\t\t<\/div>\n\t\t\t\t\t\t\t\t<div class=\"elementor-field-type-email elementor-field-group elementor-column elementor-field-group-email elementor-col-50 elementor-field-required elementor-mark-required\">\n\t\t\t\t\t\t\t\t\t\t\t\t<label for=\"form-field-email\" class=\"elementor-field-label\">\n\t\t\t\t\t\t\t\tEmail\t\t\t\t\t\t\t<\/label>\n\t\t\t\t\t\t\t\t\t\t\t\t\t\t<input size=\"1\" type=\"email\" name=\"form_fields[email]\" id=\"form-field-email\" class=\"elementor-field elementor-size-md  elementor-field-textual\" required=\"required\" aria-required=\"true\">\n\t\t\t\t\t\t\t\t\t\t\t<\/div>\n\t\t\t\t\t\t\t\t<div class=\"elementor-field-type-checkbox elementor-field-group elementor-column elementor-field-group-field_97298a5 elementor-col-100\">\n\t\t\t\t\t\t\t\t\t\t\t\t<label for=\"form-field-field_97298a5\" class=\"elementor-field-label\">\n\t\t\t\t\t\t\t\tTipo de producto:\t\t\t\t\t\t\t<\/label>\n\t\t\t\t\t\t<div class=\"elementor-field-subgroup  \"><span class=\"elementor-field-option\"><input type=\"checkbox\" value=\"SKIN CARE (cremas, serum, contorno, desodorante, filtro solar, limpieza, bruma)\" id=\"form-field-field_97298a5-0\" name=\"form_fields[field_97298a5][]\"> <label for=\"form-field-field_97298a5-0\">SKIN CARE (cremas, serum, contorno, desodorante, filtro solar, limpieza, bruma)<\/label><\/span><span class=\"elementor-field-option\"><input type=\"checkbox\" value=\"HAIR CARE (shampoo, acondicionador, ba\u00f1o de crema, etc)\" id=\"form-field-field_97298a5-1\" name=\"form_fields[field_97298a5][]\"> <label for=\"form-field-field_97298a5-1\">HAIR CARE (shampoo, acondicionador, ba\u00f1o de crema, etc)<\/label><\/span><span class=\"elementor-field-option\"><input type=\"checkbox\" value=\"HOME CARE (jab\u00f3n de tocador, jab\u00f3n l\u00edquido para ropa, suavizante, etc)\" id=\"form-field-field_97298a5-2\" name=\"form_fields[field_97298a5][]\"> <label for=\"form-field-field_97298a5-2\">HOME CARE (jab\u00f3n de tocador, jab\u00f3n l\u00edquido para ropa, suavizante, etc)<\/label><\/span><\/div>\t\t\t\t<\/div>\n\t\t\t\t\t\t\t\t<div class=\"elementor-field-type-checkbox elementor-field-group elementor-column elementor-field-group-field_be51ec9 elementor-col-100\">\n\t\t\t\t\t\t\t\t\t\t\t\t<label for=\"form-field-field_be51ec9\" class=\"elementor-field-label\">\n\t\t\t\t\t\t\t\tClaims:\t\t\t\t\t\t\t<\/label>\n\t\t\t\t\t\t<div class=\"elementor-field-subgroup  \"><span class=\"elementor-field-option\"><input type=\"checkbox\" value=\"Vegano\" id=\"form-field-field_be51ec9-0\" name=\"form_fields[field_be51ec9][]\"> <label for=\"form-field-field_be51ec9-0\">Vegano<\/label><\/span><span class=\"elementor-field-option\"><input type=\"checkbox\" value=\"Cruelty Free\" id=\"form-field-field_be51ec9-1\" name=\"form_fields[field_be51ec9][]\"> <label for=\"form-field-field_be51ec9-1\">Cruelty Free<\/label><\/span><span class=\"elementor-field-option\"><input type=\"checkbox\" value=\"Libre de sulfatos\" id=\"form-field-field_be51ec9-2\" name=\"form_fields[field_be51ec9][]\"> <label for=\"form-field-field_be51ec9-2\">Libre de sulfatos<\/label><\/span><span class=\"elementor-field-option\"><input type=\"checkbox\" value=\"Libre de parabenos\" id=\"form-field-field_be51ec9-3\" name=\"form_fields[field_be51ec9][]\"> <label for=\"form-field-field_be51ec9-3\">Libre de parabenos<\/label><\/span><span class=\"elementor-field-option\"><input type=\"checkbox\" value=\"Libre de siliconas\" id=\"form-field-field_be51ec9-4\" name=\"form_fields[field_be51ec9][]\"> <label for=\"form-field-field_be51ec9-4\">Libre de siliconas<\/label><\/span><span class=\"elementor-field-option\"><input type=\"checkbox\" value=\"Biodegradable\" id=\"form-field-field_be51ec9-5\" name=\"form_fields[field_be51ec9][]\"> <label for=\"form-field-field_be51ec9-5\">Biodegradable<\/label><\/span><span class=\"elementor-field-option\"><input type=\"checkbox\" value=\"Origen natural\" id=\"form-field-field_be51ec9-6\" name=\"form_fields[field_be51ec9][]\"> <label for=\"form-field-field_be51ec9-6\">Origen natural<\/label><\/span><\/div>\t\t\t\t<\/div>\n\t\t\t\t\t\t\t\t<div class=\"elementor-field-type-checkbox elementor-field-group elementor-column elementor-field-group-field_0f91947 elementor-col-100\">\n\t\t\t\t\t\t\t\t\t\t\t\t<label for=\"form-field-field_0f91947\" class=\"elementor-field-label\">\n\t\t\t\t\t\t\t\tFunci\u00f3n:\t\t\t\t\t\t\t<\/label>\n\t\t\t\t\t\t<div class=\"elementor-field-subgroup  \"><span class=\"elementor-field-option\"><input type=\"checkbox\" value=\"Hidratante\" id=\"form-field-field_0f91947-0\" name=\"form_fields[field_0f91947][]\"> <label for=\"form-field-field_0f91947-0\">Hidratante<\/label><\/span><span class=\"elementor-field-option\"><input type=\"checkbox\" value=\"Detox\" id=\"form-field-field_0f91947-1\" name=\"form_fields[field_0f91947][]\"> <label for=\"form-field-field_0f91947-1\">Detox<\/label><\/span><span class=\"elementor-field-option\"><input type=\"checkbox\" value=\"Antiage\" id=\"form-field-field_0f91947-2\" name=\"form_fields[field_0f91947][]\"> <label for=\"form-field-field_0f91947-2\">Antiage<\/label><\/span><span class=\"elementor-field-option\"><input type=\"checkbox\" value=\"Revitalizante\" id=\"form-field-field_0f91947-3\" name=\"form_fields[field_0f91947][]\"> <label for=\"form-field-field_0f91947-3\">Revitalizante<\/label><\/span><span class=\"elementor-field-option\"><input type=\"checkbox\" value=\"Antioxidante\" id=\"form-field-field_0f91947-4\" name=\"form_fields[field_0f91947][]\"> <label for=\"form-field-field_0f91947-4\">Antioxidante<\/label><\/span><span class=\"elementor-field-option\"><input type=\"checkbox\" value=\"Otros\" id=\"form-field-field_0f91947-5\" name=\"form_fields[field_0f91947][]\"> <label for=\"form-field-field_0f91947-5\">Otros<\/label><\/span><\/div>\t\t\t\t<\/div>\n\t\t\t\t\t\t\t\t<div class=\"elementor-field-type-checkbox elementor-field-group elementor-column elementor-field-group-field_a1f1286 elementor-col-100\">\n\t\t\t\t\t\t\t\t\t\t\t\t<label for=\"form-field-field_a1f1286\" class=\"elementor-field-label\">\n\t\t\t\t\t\t\t\tPara tipo de piel\/cabello:\t\t\t\t\t\t\t<\/label>\n\t\t\t\t\t\t<div class=\"elementor-field-subgroup  \"><span class=\"elementor-field-option\"><input type=\"checkbox\" value=\"Seco\" id=\"form-field-field_a1f1286-0\" name=\"form_fields[field_a1f1286][]\"> <label for=\"form-field-field_a1f1286-0\">Seco<\/label><\/span><span class=\"elementor-field-option\"><input type=\"checkbox\" value=\"Graso\" id=\"form-field-field_a1f1286-1\" name=\"form_fields[field_a1f1286][]\"> <label for=\"form-field-field_a1f1286-1\">Graso<\/label><\/span><span class=\"elementor-field-option\"><input type=\"checkbox\" value=\"Mixto\" id=\"form-field-field_a1f1286-2\" name=\"form_fields[field_a1f1286][]\"> <label for=\"form-field-field_a1f1286-2\">Mixto<\/label><\/span><\/div>\t\t\t\t<\/div>\n\t\t\t\t\t\t\t\t<div class=\"elementor-field-type-textarea elementor-field-group elementor-column elementor-field-group-field_96295e6 elementor-col-100 elementor-field-required elementor-mark-required\">\n\t\t\t\t\t\t\t\t\t\t\t\t<label for=\"form-field-field_96295e6\" class=\"elementor-field-label\">\n\t\t\t\t\t\t\t\tComentarios\t\t\t\t\t\t\t<\/label>\n\t\t\t\t\t\t<textarea class=\"elementor-field-textual elementor-field  elementor-size-md\" name=\"form_fields[field_96295e6]\" id=\"form-field-field_96295e6\" rows=\"4\" required=\"required\" aria-required=\"true\"><\/textarea>\t\t\t\t<\/div>\n\t\t\t\t\t\t\t\t<div class=\"elementor-field-group elementor-column elementor-field-type-submit elementor-col-100 e-form__buttons\">\n\t\t\t\t\t<button type=\"submit\" class=\"elementor-button elementor-size-lg\">\n\t\t\t\t\t\t<span >\n\t\t\t\t\t\t\t\t\t\t\t\t\t\t\t<span class=\" elementor-button-icon\">\n\t\t\t\t\t\t\t\t\t\t\t\t\t\t\t\t\t\t\t\t\t\t\t\t\t\t<\/span>\n\t\t\t\t\t\t\t\t\t\t\t\t\t\t\t\t\t\t\t\t\t\t<span class=\"elementor-button-text\">ENVIAR FORMULARIO<\/span>\n\t\t\t\t\t\t\t\t\t\t\t\t\t<\/span>\n\t\t\t\t\t<\/button>\n\t\t\t\t<\/div>\n\t\t\t<\/div>\n\t\t<\/form>\n\t\t\t\t<\/div>\n\t\t\t\t<\/div>\n\t\t\t\t\t<\/div>\n\t\t<\/div>\n\t\t\t\t\t<\/div>\n\t\t<\/section>\n\t\t\t\t<section class=\"elementor-section elementor-top-section elementor-element elementor-element-a57f65a cc-contacto_wrapper ddc_cc-contacto elementor-section-full_width elementor-section-height-default elementor-section-height-default\" data-id=\"a57f65a\" data-element_type=\"section\">\n\t\t\t\t\t\t<div class=\"elementor-container elementor-column-gap-no\">\n\t\t\t\t\t<div class=\"elementor-column elementor-col-100 elementor-top-column elementor-element elementor-element-4d80d6b\" data-id=\"4d80d6b\" data-element_type=\"column\">\n\t\t\t<div class=\"elementor-widget-wrap elementor-element-populated\">\n\t\t\t\t\t\t<div class=\"elementor-element elementor-element-f880787 elementor-widget elementor-widget-template\" data-id=\"f880787\" data-element_type=\"widget\" data-widget_type=\"template.default\">\n\t\t\t\t<div class=\"elementor-widget-container\">\n\t\t\t\t\t<div class=\"elementor-template\">\n\t\t\t\t\t<div data-elementor-type=\"section\" data-elementor-id=\"94403\" class=\"elementor elementor-94403\" data-elementor-post-type=\"elementor_library\">\n\t\t\t\t\t<section class=\"elementor-section elementor-top-section elementor-element elementor-element-4ad44028 dl_01 dl_right elementor-section-boxed elementor-section-height-default elementor-section-height-default\" data-id=\"4ad44028\" data-element_type=\"section\" data-settings=\"{&quot;background_background&quot;:&quot;classic&quot;}\">\n\t\t\t\t\t\t\t<div class=\"elementor-background-overlay\"><\/div>\n\t\t\t\t\t\t\t<div class=\"elementor-container elementor-column-gap-wider\">\n\t\t\t\t\t<div class=\"elementor-column elementor-col-66 elementor-top-column elementor-element elementor-element-3512c04f\" data-id=\"3512c04f\" data-element_type=\"column\">\n\t\t\t<div class=\"elementor-widget-wrap elementor-element-populated\">\n\t\t\t\t\t\t<div class=\"elementor-element elementor-element-64778a36 elementor-widget__width-initial elementor-widget elementor-widget-the7-heading\" data-id=\"64778a36\" data-element_type=\"widget\" data-widget_type=\"the7-heading.default\">\n\t\t\t\t<div class=\"elementor-widget-container\">\n\t\t\t<h2 class=\"the7-heading-title elementor-size-default\">Pong\u00e1monos en contacto<\/h2>\t\t<\/div>\n\t\t\t\t<\/div>\n\t\t\t\t<div class=\"elementor-element elementor-element-f23bf86 elementor-widget__width-initial elementor-widget elementor-widget-the7-heading\" data-id=\"f23bf86\" data-element_type=\"widget\" data-widget_type=\"the7-heading.default\">\n\t\t\t\t<div class=\"elementor-widget-container\">\n\t\t\t<div class=\"the7-heading-title elementor-size-default\">Y comencemos un nuevo proyecto juntos.<\/div>\t\t<\/div>\n\t\t\t\t<\/div>\n\t\t\t\t\t<\/div>\n\t\t<\/div>\n\t\t\t\t<div class=\"elementor-column elementor-col-33 elementor-top-column elementor-element elementor-element-668d0e6\" data-id=\"668d0e6\" data-element_type=\"column\">\n\t\t\t<div class=\"elementor-widget-wrap elementor-element-populated\">\n\t\t\t\t\t\t<div class=\"elementor-element elementor-element-e0b5e9e elementor-widget__width-auto elementor-widget-mobile__width-inherit elementor-mobile-align-center elementor-widget elementor-widget-the7_button_widget\" data-id=\"e0b5e9e\" data-element_type=\"widget\" data-widget_type=\"the7_button_widget.default\">\n\t\t\t\t<div class=\"elementor-widget-container\">\n\t\t\t<div class=\"elementor-button-wrapper\"><a href=\"http:\/\/fabriquimica.com\/site\/contacto\/\" class=\"box-button elementor-button elementor-size-xl\">Contactanos ahora<\/a><\/div>\t\t<\/div>\n\t\t\t\t<\/div>\n\t\t\t\t\t<\/div>\n\t\t<\/div>\n\t\t\t\t\t<\/div>\n\t\t<\/section>\n\t\t\t\t<\/div>\n\t\t\t\t<\/div>\n\t\t\t\t<\/div>\n\t\t\t\t<\/div>\n\t\t\t\t\t<\/div>\n\t\t<\/div>\n\t\t\t\t\t<\/div>\n\t\t<\/section>\n\t\t\t\t<\/div>\n\t\t","protected":false},"excerpt":{"rendered":"<p>FABRIQUIMICA pone a disposici\u00f3n de nuestros clientes el servicio de asesoramiento en nuevas formulaciones. Complet\u00e1 el siguiente formulario para que podamos ofrecerte un mejor asesoramiento.<\/p>\n","protected":false},"author":3,"featured_media":0,"parent":0,"menu_order":0,"comment_status":"closed","ping_status":"closed","template":"","meta":{"footnotes":""},"_links":{"self":[{"href":"http:\/\/fabriquimica.com\/site\/wp-json\/wp\/v2\/pages\/95215"}],"collection":[{"href":"http:\/\/fabriquimica.com\/site\/wp-json\/wp\/v2\/pages"}],"about":[{"href":"http:\/\/fabriquimica.com\/site\/wp-json\/wp\/v2\/types\/page"}],"author":[{"embeddable":true,"href":"http:\/\/fabriquimica.com\/site\/wp-json\/wp\/v2\/users\/3"}],"replies":[{"embeddable":true,"href":"http:\/\/fabriquimica.com\/site\/wp-json\/wp\/v2\/comments?post=95215"}],"version-history":[{"count":40,"href":"http:\/\/fabriquimica.com\/site\/wp-json\/wp\/v2\/pages\/95215\/revisions"}],"predecessor-version":[{"id":96488,"href":"http:\/\/fabriquimica.com\/site\/wp-json\/wp\/v2\/pages\/95215\/revisions\/96488"}],"wp:attachment":[{"href":"http:\/\/fabriquimica.com\/site\/wp-json\/wp\/v2\/media?parent=95215"}],"curies":[{"name":"wp","href":"https:\/\/api.w.org\/{rel}","templated":true}]}}